{"id":114,"date":"2022-10-20T13:25:49","date_gmt":"2022-10-20T13:25:49","guid":{"rendered":"http:\/\/www.tfs.com.tr\/?page_id=114"},"modified":"2022-10-21T08:29:43","modified_gmt":"2022-10-21T08:29:43","slug":"iletisim","status":"publish","type":"page","link":"http:\/\/www.tfs.com.tr\/index.php\/iletisim\/","title":{"rendered":"\u0130leti\u015fim"},"content":{"rendered":"<p>[vc_row lg_spacing=&#8221;margin_top:50;margin_bottom:50&#8243;][vc_column width=&#8221;1\/2&#8243;][tm_box_icon style=&#8221;05&#8243; icon_type=&#8221;fontawesome5&#8243; icon_fontawesome5=&#8221;far fa-home-alt&#8221; heading=&#8221;Merkez&#8221; text=&#8221;Ali Nihat Tarlan Cad. Kartal Sok. Parlar\/Bolat \u0130\u015f Merk.<br \/>\nNo:19 Kat:6 \u0130\u00e7erenk\u00f6y, Ata\u015fehir \/\u0130stanbul&#8221;][tm_spacer size=&#8221;lg:20&#8243;][tm_box_icon style=&#8221;05&#8243; icon_type=&#8221;fontawesome5&#8243; icon_fontawesome5=&#8221;far fa-phone-alt&#8221; text=&#8221;Tel: 0216 380 3600 | Gsm: 0533 414 1990<br \/>\nFaks: 0216 380 8140 | Gsm: 0533 354 4372&#8243;][\/vc_column][vc_column width=&#8221;1\/2&#8243;][tm_heading style=&#8221;modern&#8221; custom_google_font=&#8221;&#8221; text=&#8221;Teklif talebi, soru ve g\u00f6r\u00fc\u015fleriniz i\u00e7in bize yaz\u0131n&#8221;][tm_spacer size=&#8221;lg:40&#8243;][tm_contact_form_7 id=&#8221;17&#8243; style=&#8221;03&#8243;][\/vc_column][\/vc_row][vc_row][vc_column][vc_raw_html]JTNDaWZyYW1lJTIwc3JjJTNEJTIyaHR0cHMlM0ElMkYlMkZ3d3cuZ29vZ2xlLmNvbSUyRm1hcHMlMkZlbWJlZCUzRnBiJTNEJTIxMW0xOCUyMTFtMTIlMjExbTMlMjExZDMwMTIuNjQwODE2NzM4OTkzJTIxMmQyOS4xMDM1NjY0MTUxOTY3OSUyMTNkNDAuOTY3NDQ2Nzc5MzA0OTUlMjEybTMlMjExZjAlMjEyZjAlMjEzZjAlMjEzbTIlMjExaTEwMjQlMjEyaTc2OCUyMTRmMTMuMSUyMTNtMyUyMTFtMiUyMTFzMHgxNGNhYzY1MDVlNjI2MjI1JTI1M0EweGM4NzYzMzIyMjNlMzM1NjMlMjEyc01pbmVyYWwlMjUyMFRla25payUyNTIwSGl6bWV0bGVyJTIxNWUwJTIxM20yJTIxMXNlbiUyMTJzdHIlMjE0djE2NjYzMzk4NTE5NjYlMjE1bTIlMjExc2VuJTIxMnN0ciUyMiUyMHdpZHRoJTNEJTIyMTIwMCUyMiUyMGhlaWdodCUzRCUyMjQ1MCUyMiUyMHN0eWxlJTNEJTIyYm9yZGVyJTNBMCUzQiUyMiUyMGFsbG93ZnVsbHNjcmVlbiUzRCUyMiUyMiUyMGxvYWRpbmclM0QlMjJsYXp5JTIyJTIwcmVmZXJyZXJwb2xpY3klM0QlMjJuby1yZWZlcnJlci13aGVuLWRvd25ncmFkZSUyMiUzRSUzQyUyRmlmcmFtZSUzRQ==[\/vc_raw_html][\/vc_column][\/vc_row]<\/p>\n","protected":false},"excerpt":{"rendered":"<p>[vc_row lg_spacing=&#8221;margin_top:50;margin_bottom:50&#8243;][vc_column width=&#8221;1\/2&#8243;][tm_box_icon style=&#8221;05&#8243; icon_type=&#8221;fontawesome5&#8243; icon_fontawesome5=&#8221;far fa-home-alt&#8221; heading=&#8221;Merkez&#8221; text=&#8221;Ali Nihat Tarlan Cad. Kartal Sok. Parlar\/Bolat \u0130\u015f Merk. No:19 Kat:6 \u0130\u00e7erenk\u00f6y, Ata\u015fehir \/\u0130stanbul&#8221;][tm_spacer size=&#8221;lg:20&#8243;][tm_box_icon style=&#8221;05&#8243; icon_type=&#8221;fontawesome5&#8243; icon_fontawesome5=&#8221;far fa-phone-alt&#8221; text=&#8221;Tel: 0216 380 3600 | Gsm: 0533 414 1990 Faks: 0216 380 8140 | Gsm: 0533 354 4372&#8243;][\/vc_column][vc_column width=&#8221;1\/2&#8243;][tm_heading style=&#8221;modern&#8221; custom_google_font=&#8221;&#8221; text=&#8221;Teklif talebi, soru ve g\u00f6r\u00fc\u015fleriniz i\u00e7in bize yaz\u0131n&#8221;][tm_spacer size=&#8221;lg:40&#8243;][tm_contact_form_7 id=&#8221;17&#8243; style=&#8221;03&#8243;][\/vc_column][\/vc_row][vc_row][vc_column][vc_raw_html]JTNDaWZyYW1lJTIwc3JjJTNEJTIyaHR0cHMlM0ElMkYlMkZ3d3cuZ29vZ2xlLmNvbSUyRm1hcHMlMkZlbWJlZCUzRnBiJTNEJTIxMW0xOCUyMTFtMTIlMjExbTMlMjExZDMwMTIuNjQwODE2NzM4OTkzJTIxMmQyOS4xMDM1NjY0MTUxOTY3OSUyMTNkNDAuOTY3NDQ2Nzc5MzA0OTUlMjEybTMlMjExZjAlMjEyZjAlMjEzZjAlMjEzbTIlMjExaTEwMjQlMjEyaTc2OCUyMTRmMTMuMSUyMTNtMyUyMTFtMiUyMTFzMHgxNGNhYzY1MDVlNjI2MjI1JTI1M0EweGM4NzYzMzIyMjNlMzM1NjMlMjEyc01pbmVyYWwlMjUyMFRla25payUyNTIwSGl6bWV0bGVyJTIxNWUwJTIxM20yJTIxMXNlbiUyMTJzdHIlMjE0djE2NjYzMzk4NTE5NjYlMjE1bTIlMjExc2VuJTIxMnN0ciUyMiUyMHdpZHRoJTNEJTIyMTIwMCUyMiUyMGhlaWdodCUzRCUyMjQ1MCUyMiUyMHN0eWxlJTNEJTIyYm9yZGVyJTNBMCUzQiUyMiUyMGFsbG93ZnVsbHNjcmVlbiUzRCUyMiUyMiUyMGxvYWRpbmclM0QlMjJsYXp5JTIyJTIwcmVmZXJyZXJwb2xpY3klM0QlMjJuby1yZWZlcnJlci13aGVuLWRvd25ncmFkZSUyMiUzRSUzQyUyRmlmcmFtZSUzRQ==[\/vc_raw_html][\/vc_column][\/vc_row]<\/p>\n","protected":false},"author":1,"featured_media":0,"parent":0,"menu_order":0,"comment_status":"closed","ping_status":"closed","template":"","meta":[],"_links":{"self":[{"href":"http:\/\/www.tfs.com.tr\/index.php\/wp-json\/wp\/v2\/pages\/114"}],"collection":[{"href":"http:\/\/www.tfs.com.tr\/index.php\/wp-json\/wp\/v2\/pages"}],"about":[{"href":"http:\/\/www.tfs.com.tr\/index.php\/wp-json\/wp\/v2\/types\/page"}],"author":[{"embeddable":true,"href":"http:\/\/www.tfs.com.tr\/index.php\/wp-json\/wp\/v2\/users\/1"}],"replies":[{"embeddable":true,"href":"http:\/\/www.tfs.com.tr\/index.php\/wp-json\/wp\/v2\/comments?post=114"}],"version-history":[{"count":5,"href":"http:\/\/www.tfs.com.tr\/index.php\/wp-json\/wp\/v2\/pages\/114\/revisions"}],"predecessor-version":[{"id":148,"href":"http:\/\/www.tfs.com.tr\/index.php\/wp-json\/wp\/v2\/pages\/114\/revisions\/148"}],"wp:attachment":[{"href":"http:\/\/www.tfs.com.tr\/index.php\/wp-json\/wp\/v2\/media?parent=114"}],"curies":[{"name":"wp","href":"https:\/\/api.w.org\/{rel}","templated":true}]}}