{"id":113,"date":"2022-10-20T13:25:49","date_gmt":"2022-10-20T13:25:49","guid":{"rendered":"http:\/\/www.tfs.com.tr\/?page_id=113"},"modified":"2022-10-21T08:02:23","modified_gmt":"2022-10-21T08:02:23","slug":"hakkimizda","status":"publish","type":"page","link":"http:\/\/www.tfs.com.tr\/index.php\/hakkimizda\/","title":{"rendered":"Hakk\u0131m\u0131zda"},"content":{"rendered":"<p>[vc_row lg_spacing=&#8221;margin_top:50;margin_bottom:50&#8243;][vc_column][vc_column_text]<span style=\"color: #808080;\">TFS 2010 y\u0131l\u0131nda, grup \u015firketlerimiz b\u00fcnyesinde kullanmakta oldu\u011fumuz ara\u00e7lardan olu\u015fan ve artan i\u015f hacmimiz do\u011frultusunda b\u00fcy\u00fcyen ara\u00e7 park\u0131m\u0131z\u0131n efektif bir \u015fekilde y\u00f6netilmesi ve ayn\u0131 zamanda g\u00fcnl\u00fck kiralama hizmetleri sunmak \u00fczere kurulmu\u015ftur. Sonraki s\u00fcre\u00e7te g\u00fcnl\u00fck kiralamadan ziyade uzun d\u00f6nem ara\u00e7 kiralama ve filo y\u00f6netimi hizmetlerine a\u011f\u0131rl\u0131k verilmi\u015ftir. G\u00fcn\u00fcm\u00fczde a\u011f\u0131rl\u0131kl\u0131 olarak kurumsal firmalara Filo Y\u00f6netimi Hizmeti, Operasyonel Kiralama Hizmeti ve VIP \u015eof\u00f6rl\u00fck Hizmetleri vermekteyiz. Uzun d\u00f6nem operasyonel kiralamada yakla\u015f\u0131k 200 ara\u00e7l\u0131k filomuz bulunmakta ve 15 personelden olu\u015fan uzman kadromuz ile toplamda 1.500 ara\u00e7l\u0131k ara\u00e7 park\u0131 y\u00f6netmekteyiz.<\/span>[\/vc_column_text][\/vc_column][\/vc_row][vc_row][vc_column width=&#8221;1\/3&#8243;][tm_heading custom_google_font=&#8221;&#8221; icon_type=&#8221;fontawesome5&#8243; icon_fontawesome5=&#8221;far fa-eye&#8221; text=&#8221;Vizyon&#8221;][tm_spacer size=&#8221;lg:20&#8243;][vc_column_text]<\/p>\n<h5><span style=\"color: #808080;\">Sekt\u00f6rde m\u00fc\u015fteri talep ve ihtiya\u00e7lar\u0131n\u0131 temel alan ve m\u00fc\u015fteri memnuniyetini \u00f6nceleyen hizmet anlay\u0131\u015f\u0131 ile fark yaratmak<\/span><\/h5>\n<p>[\/vc_column_text][\/vc_column][vc_column width=&#8221;1\/3&#8243;][tm_heading custom_google_font=&#8221;&#8221; icon_type=&#8221;fontawesome5&#8243; icon_fontawesome5=&#8221;far fa-bullseye-pointer&#8221; text=&#8221;Misyon&#8221;][vc_column_text]<\/p>\n<ul>\n<li><span style=\"color: #808080;\">\u015eeffaf, d\u00fcr\u00fcst, etik de\u011ferlerden \u00f6d\u00fcn vermeyen ve \u00e7\u00f6z\u00fcm odakl\u0131 hizmet anlay\u0131\u015f\u0131 ile m\u00fc\u015fterilerimizin en g\u00fcvenilir \u00e7\u00f6z\u00fcm orta\u011f\u0131 olmak<\/span><\/li>\n<li><span style=\"color: #808080;\">Hizmet kalitesini, teknolojik ara\u00e7lar\u0131 etkin \u015fekilde kullanarak, en \u00fcst seviyeye \u00e7\u0131karmak<\/span><\/li>\n<li><span style=\"color: #808080;\">Kaliteli hizmet sunman\u0131n yan\u0131nda ihtiya\u00e7lar\u0131n belirlenmesinde de aktif rol oynamak<\/span><\/li>\n<li><span style=\"color: #808080;\">Topluma ve \u00e7evreye duyarl\u0131 ve sayg\u0131l\u0131 hizmet standartlar\u0131n\u0131n t\u00fcm sekt\u00f6re hakim olmas\u0131 i\u00e7in \u00e7al\u0131\u015fmak<\/span><\/li>\n<li><span style=\"color: #808080;\">\u0130nsan kayna\u011f\u0131n\u0131 etkin kullanmak, \u00e7al\u0131\u015fanlar\u0131m\u0131za de\u011fer vermek ve mesleki geli\u015fimlerini desteklemek<\/span><\/li>\n<\/ul>\n<p>[\/vc_column_text][\/vc_column][vc_column width=&#8221;1\/3&#8243;][tm_image image=&#8221;140&#8243;][\/vc_column][\/vc_row]<\/p>\n","protected":false},"excerpt":{"rendered":"<p>[vc_row lg_spacing=&#8221;margin_top:50;margin_bottom:50&#8243;][vc_column][vc_column_text]TFS 2010 y\u0131l\u0131nda, grup \u015firketlerimiz b\u00fcnyesinde kullanmakta oldu\u011fumuz ara\u00e7lardan olu\u015fan ve artan i\u015f hacmimiz do\u011frultusunda b\u00fcy\u00fcyen ara\u00e7 park\u0131m\u0131z\u0131n efektif bir \u015fekilde y\u00f6netilmesi ve ayn\u0131 zamanda g\u00fcnl\u00fck kiralama hizmetleri sunmak \u00fczere kurulmu\u015ftur. Sonraki s\u00fcre\u00e7te g\u00fcnl\u00fck kiralamadan ziyade uzun d\u00f6nem ara\u00e7 kiralama ve filo y\u00f6netimi hizmetlerine a\u011f\u0131rl\u0131k verilmi\u015ftir. G\u00fcn\u00fcm\u00fczde a\u011f\u0131rl\u0131kl\u0131 olarak kurumsal firmalara Filo Y\u00f6netimi Hizmeti, Operasyonel Kiralama Hizmeti ve VIP \u015eof\u00f6rl\u00fck Hizmetleri vermekteyiz. Uzun d\u00f6nem operasyonel kiralamada yakla\u015f\u0131k 200 ara\u00e7l\u0131k filomuz bulunmakta ve 15 personelden olu\u015fan uzman kadromuz ile toplamda 1.500 ara\u00e7l\u0131k ara\u00e7 park\u0131 y\u00f6netmekteyiz.[\/vc_column_text][\/vc_column][\/vc_row][vc_row][vc_column width=&#8221;1\/3&#8243;][tm_heading custom_google_font=&#8221;&#8221; icon_type=&#8221;fontawesome5&#8243; icon_fontawesome5=&#8221;far fa-eye&#8221; text=&#8221;Vizyon&#8221;][tm_spacer size=&#8221;lg:20&#8243;][vc_column_text] Sekt\u00f6rde m\u00fc\u015fteri talep ve ihtiya\u00e7lar\u0131n\u0131 temel alan ve m\u00fc\u015fteri memnuniyetini \u00f6nceleyen hizmet anlay\u0131\u015f\u0131 ile fark yaratmak [\/vc_column_text][\/vc_column][vc_column width=&#8221;1\/3&#8243;][tm_heading custom_google_font=&#8221;&#8221; icon_type=&#8221;fontawesome5&#8243; icon_fontawesome5=&#8221;far fa-bullseye-pointer&#8221; text=&#8221;Misyon&#8221;][vc_column_text] \u015eeffaf, d\u00fcr\u00fcst, etik de\u011ferlerden \u00f6d\u00fcn vermeyen ve \u00e7\u00f6z\u00fcm odakl\u0131 hizmet anlay\u0131\u015f\u0131 ile m\u00fc\u015fterilerimizin en g\u00fcvenilir \u00e7\u00f6z\u00fcm orta\u011f\u0131 olmak Hizmet kalitesini, teknolojik ara\u00e7lar\u0131 etkin \u015fekilde kullanarak, en \u00fcst seviyeye \u00e7\u0131karmak Kaliteli hizmet sunman\u0131n yan\u0131nda ihtiya\u00e7lar\u0131n belirlenmesinde de aktif rol oynamak Topluma ve \u00e7evreye duyarl\u0131 ve sayg\u0131l\u0131 hizmet standartlar\u0131n\u0131n t\u00fcm sekt\u00f6re hakim olmas\u0131 i\u00e7in \u00e7al\u0131\u015fmak \u0130nsan kayna\u011f\u0131n\u0131 etkin kullanmak, \u00e7al\u0131\u015fanlar\u0131m\u0131za de\u011fer vermek ve mesleki geli\u015fimlerini desteklemek [\/vc_column_text][\/vc_column][vc_column width=&#8221;1\/3&#8243;][tm_image image=&#8221;140&#8243;][\/vc_column][\/vc_row]<\/p>\n","protected":false},"author":1,"featured_media":0,"parent":0,"menu_order":0,"comment_status":"closed","ping_status":"closed","template":"","meta":[],"_links":{"self":[{"href":"http:\/\/www.tfs.com.tr\/index.php\/wp-json\/wp\/v2\/pages\/113"}],"collection":[{"href":"http:\/\/www.tfs.com.tr\/index.php\/wp-json\/wp\/v2\/pages"}],"about":[{"href":"http:\/\/www.tfs.com.tr\/index.php\/wp-json\/wp\/v2\/types\/page"}],"author":[{"embeddable":true,"href":"http:\/\/www.tfs.com.tr\/index.php\/wp-json\/wp\/v2\/users\/1"}],"replies":[{"embeddable":true,"href":"http:\/\/www.tfs.com.tr\/index.php\/wp-json\/wp\/v2\/comments?post=113"}],"version-history":[{"count":5,"href":"http:\/\/www.tfs.com.tr\/index.php\/wp-json\/wp\/v2\/pages\/113\/revisions"}],"predecessor-version":[{"id":143,"href":"http:\/\/www.tfs.com.tr\/index.php\/wp-json\/wp\/v2\/pages\/113\/revisions\/143"}],"wp:attachment":[{"href":"http:\/\/www.tfs.com.tr\/index.php\/wp-json\/wp\/v2\/media?parent=113"}],"curies":[{"name":"wp","href":"https:\/\/api.w.org\/{rel}","templated":true}]}}