{"id":112,"date":"2022-10-20T13:25:49","date_gmt":"2022-10-20T13:25:49","guid":{"rendered":"http:\/\/www.tfs.com.tr\/?page_id=112"},"modified":"2022-10-21T07:48:20","modified_gmt":"2022-10-21T07:48:20","slug":"hizmetlerimiz","status":"publish","type":"page","link":"http:\/\/www.tfs.com.tr\/index.php\/hizmetlerimiz\/","title":{"rendered":"Hizmetlerimiz"},"content":{"rendered":"<p>[vc_row lg_spacing=&#8221;margin_top:50;margin_bottom:50&#8243;][vc_column width=&#8221;1\/2&#8243;][tm_heading style=&#8221;modern&#8221; tag=&#8221;h1&#8243; custom_google_font=&#8221;&#8221; text=&#8221;OPERASYONEL K\u0130RALAMA&#8221;][vc_column_text]<span style=\"color: #808080;\">\u0130htiya\u00e7 ve talepleriniz do\u011frultusunda istedi\u011finiz say\u0131 ve segmentte 24, 36 ve 48 ay filo kiralama hizmetimiz ile hem vergi avantaj\u0131ndan faydalanabilirsiniz hem de finansman kaynaklar\u0131n\u0131z\u0131 daha efektif alanlarda de\u011ferlendirebilirsiniz. Ayl\u0131k sabit \u00f6demeler ile nakit ak\u0131\u015f\u0131n\u0131z\u0131 kolayca planlayabilirsiniz. Bak\u0131m, servis, ara\u00e7 yedekleme, lastik de\u011fi\u015fimi vb. operasyonel faaliyetler i\u00e7in i\u015f g\u00fcc\u00fc ve kaynak ay\u0131rman\u0131za gerek kalmaz.<\/span>[\/vc_column_text][\/vc_column][vc_column width=&#8221;1\/2&#8243;][tm_image image=&#8221;136&#8243;][\/vc_column][\/vc_row][vc_row][vc_column width=&#8221;1\/2&#8243;][tm_image image=&#8221;137&#8243;][\/vc_column][vc_column width=&#8221;1\/2&#8243;][tm_heading style=&#8221;modern&#8221; tag=&#8221;h1&#8243; custom_google_font=&#8221;&#8221; text=&#8221;F\u0130LO Y\u00d6NET\u0130M\u0130&#8221;][vc_column_text]Gerek kendi envanterinizde bulunan gerekse d\u0131\u015f kiralama ile edindi\u011finiz ara\u00e7lardan olu\u015fan ara\u00e7 park\u0131n\u0131z ile ilgili t\u00fcm \u015firket i\u00e7i operasyonel faaliyetlerinizi alan\u0131nda uzman deneyimli ekibimiz ile sizin ad\u0131n\u0131za y\u00f6netiyoruz. Sundu\u011fumuz ba\u015fl\u0131ca hizmet kalemleri:<\/p>\n<ul>\n<li>\u015eirket i\u00e7i ara\u00e7 rezervasyonlar\u0131n\u0131n y\u00f6netilmesi,<\/li>\n<li>Ara\u00e7lar\u0131n kullan\u0131c\u0131lara verilmesi, teslim al\u0131nmas\u0131 ve t\u00fcm kontrollerinin yap\u0131lmas\u0131,<\/li>\n<li>HGS ve yak\u0131t t\u00fcketimlerinin takibi ve raporlanmas\u0131,<\/li>\n<li>Kullan\u0131c\u0131lar\u0131n yapm\u0131\u015f oldu\u011fu kazalar ile ilgili s\u00fcre\u00e7lerin takibi,<\/li>\n<li>Kiralama firmas\u0131 ile ilgili t\u00fcm s\u00fcre\u00e7lerin takibi ve faturalamalar\u0131n kontrol\u00fc,<\/li>\n<li>B\u00f6l\u00fcmler aras\u0131 masraf aktar\u0131mlar\u0131 i\u00e7in gerekli hesaplamalar\u0131n yap\u0131lmas\u0131 ve raporlanmas\u0131,<\/li>\n<li>\u0130l d\u0131\u015f\u0131na sevk edilecek ara\u00e7lar\u0131n \u00e7ekici ile sevk edilmesi ve takibi<\/li>\n<li>\u0130\u015ften ayr\u0131lan personelin ara\u00e7lar\u0131n\u0131n teslim al\u0131narak eksik ve hasarlar\u0131n\u0131n tespitinin yap\u0131lmas\u0131 ve ilgili birime raporlanmas\u0131<\/li>\n<li>Kaza yapan ara\u00e7lar\u0131n raporlar\u0131n\u0131n ve ilgili evraklar\u0131n\u0131n tamamlanarak ara\u00e7 kiralama firmas\u0131na bildirilmesi ve ikame ara\u00e7 al\u0131nmas\u0131n\u0131n sa\u011flanmas\u0131<\/li>\n<li>Ara\u00e7 muayenelerinin takibi ve ara\u00e7 muayene organizasyonunun yap\u0131lmas\u0131<\/li>\n<li>Ara\u00e7 kullan\u0131m\u0131 ve bak\u0131mlar\u0131 konusunda kullan\u0131c\u0131lara bilgi verilmesi ve gerekli iyile\u015ftirmelerin yap\u0131lmas\u0131<\/li>\n<li>Lastik de\u011fi\u015fimlerinin takibi, yaz ve k\u0131\u015f lastiklerinin sipari\u015f edilmesi<\/li>\n<li>Kullan\u0131c\u0131lardan gelen geri bildirimlerin de\u011ferlendirilerek kiralama firmas\u0131 ile olan ileti\u015fimin y\u00fcr\u00fct\u00fclmesi<\/li>\n<\/ul>\n<p>[\/vc_column_text][\/vc_column][\/vc_row]<\/p>\n","protected":false},"excerpt":{"rendered":"<p>[vc_row lg_spacing=&#8221;margin_top:50;margin_bottom:50&#8243;][vc_column width=&#8221;1\/2&#8243;][tm_heading style=&#8221;modern&#8221; tag=&#8221;h1&#8243; custom_google_font=&#8221;&#8221; text=&#8221;OPERASYONEL K\u0130RALAMA&#8221;][vc_column_text]\u0130htiya\u00e7 ve talepleriniz do\u011frultusunda istedi\u011finiz say\u0131 ve segmentte 24, 36 ve 48 ay filo kiralama hizmetimiz ile hem vergi avantaj\u0131ndan faydalanabilirsiniz hem de finansman kaynaklar\u0131n\u0131z\u0131 daha efektif alanlarda de\u011ferlendirebilirsiniz. Ayl\u0131k sabit \u00f6demeler ile nakit ak\u0131\u015f\u0131n\u0131z\u0131 kolayca planlayabilirsiniz. Bak\u0131m, servis, ara\u00e7 yedekleme, lastik de\u011fi\u015fimi vb. operasyonel faaliyetler i\u00e7in i\u015f g\u00fcc\u00fc ve kaynak ay\u0131rman\u0131za gerek kalmaz.[\/vc_column_text][\/vc_column][vc_column width=&#8221;1\/2&#8243;][tm_image image=&#8221;136&#8243;][\/vc_column][\/vc_row][vc_row][vc_column width=&#8221;1\/2&#8243;][tm_image image=&#8221;137&#8243;][\/vc_column][vc_column width=&#8221;1\/2&#8243;][tm_heading style=&#8221;modern&#8221; tag=&#8221;h1&#8243; custom_google_font=&#8221;&#8221; text=&#8221;F\u0130LO Y\u00d6NET\u0130M\u0130&#8221;][vc_column_text]Gerek kendi envanterinizde bulunan gerekse d\u0131\u015f kiralama ile edindi\u011finiz ara\u00e7lardan olu\u015fan ara\u00e7 park\u0131n\u0131z ile ilgili t\u00fcm \u015firket i\u00e7i operasyonel faaliyetlerinizi alan\u0131nda uzman deneyimli ekibimiz ile sizin ad\u0131n\u0131za y\u00f6netiyoruz. Sundu\u011fumuz ba\u015fl\u0131ca hizmet kalemleri: \u015eirket i\u00e7i ara\u00e7 rezervasyonlar\u0131n\u0131n y\u00f6netilmesi, Ara\u00e7lar\u0131n kullan\u0131c\u0131lara verilmesi, teslim al\u0131nmas\u0131 ve t\u00fcm kontrollerinin yap\u0131lmas\u0131, HGS ve yak\u0131t t\u00fcketimlerinin takibi ve raporlanmas\u0131, Kullan\u0131c\u0131lar\u0131n yapm\u0131\u015f oldu\u011fu kazalar ile ilgili s\u00fcre\u00e7lerin takibi, Kiralama firmas\u0131 ile ilgili t\u00fcm s\u00fcre\u00e7lerin takibi ve faturalamalar\u0131n kontrol\u00fc, B\u00f6l\u00fcmler aras\u0131 masraf aktar\u0131mlar\u0131 i\u00e7in gerekli hesaplamalar\u0131n yap\u0131lmas\u0131 ve raporlanmas\u0131, \u0130l d\u0131\u015f\u0131na sevk edilecek ara\u00e7lar\u0131n \u00e7ekici ile sevk edilmesi ve takibi \u0130\u015ften ayr\u0131lan personelin ara\u00e7lar\u0131n\u0131n teslim al\u0131narak eksik ve hasarlar\u0131n\u0131n tespitinin yap\u0131lmas\u0131 ve ilgili birime raporlanmas\u0131 Kaza yapan ara\u00e7lar\u0131n raporlar\u0131n\u0131n ve ilgili evraklar\u0131n\u0131n tamamlanarak ara\u00e7 kiralama firmas\u0131na bildirilmesi ve ikame ara\u00e7 al\u0131nmas\u0131n\u0131n sa\u011flanmas\u0131 Ara\u00e7 muayenelerinin takibi ve ara\u00e7 muayene organizasyonunun yap\u0131lmas\u0131 Ara\u00e7 kullan\u0131m\u0131 ve bak\u0131mlar\u0131 konusunda kullan\u0131c\u0131lara bilgi verilmesi ve gerekli iyile\u015ftirmelerin yap\u0131lmas\u0131 Lastik de\u011fi\u015fimlerinin takibi, yaz ve k\u0131\u015f lastiklerinin sipari\u015f edilmesi Kullan\u0131c\u0131lardan gelen geri bildirimlerin de\u011ferlendirilerek kiralama firmas\u0131 ile olan ileti\u015fimin y\u00fcr\u00fct\u00fclmesi [\/vc_column_text][\/vc_column][\/vc_row]<\/p>\n","protected":false},"author":1,"featured_media":0,"parent":0,"menu_order":0,"comment_status":"closed","ping_status":"closed","template":"","meta":[],"_links":{"self":[{"href":"http:\/\/www.tfs.com.tr\/index.php\/wp-json\/wp\/v2\/pages\/112"}],"collection":[{"href":"http:\/\/www.tfs.com.tr\/index.php\/wp-json\/wp\/v2\/pages"}],"about":[{"href":"http:\/\/www.tfs.com.tr\/index.php\/wp-json\/wp\/v2\/types\/page"}],"author":[{"embeddable":true,"href":"http:\/\/www.tfs.com.tr\/index.php\/wp-json\/wp\/v2\/users\/1"}],"replies":[{"embeddable":true,"href":"http:\/\/www.tfs.com.tr\/index.php\/wp-json\/wp\/v2\/comments?post=112"}],"version-history":[{"count":3,"href":"http:\/\/www.tfs.com.tr\/index.php\/wp-json\/wp\/v2\/pages\/112\/revisions"}],"predecessor-version":[{"id":135,"href":"http:\/\/www.tfs.com.tr\/index.php\/wp-json\/wp\/v2\/pages\/112\/revisions\/135"}],"wp:attachment":[{"href":"http:\/\/www.tfs.com.tr\/index.php\/wp-json\/wp\/v2\/media?parent=112"}],"curies":[{"name":"wp","href":"https:\/\/api.w.org\/{rel}","templated":true}]}}